{"id":6327,"date":"2018-11-06T15:59:15","date_gmt":"2018-11-06T15:59:15","guid":{"rendered":"https:\/\/bortolotti-losurdo.it\/privacy-policy\/"},"modified":"2018-11-30T07:31:51","modified_gmt":"2018-11-30T07:31:51","slug":"privacy-policy","status":"publish","type":"page","link":"https:\/\/bortolotti-losurdo.it\/de\/privacy-policy\/","title":{"rendered":"Privacy Policy"},"content":{"rendered":"[vc_row type=&#8220;in_container&#8220; full_screen_row_position=&#8220;middle&#8220; scene_position=&#8220;center&#8220; text_color=&#8220;dark&#8220; text_align=&#8220;left&#8220; overlay_strength=&#8220;0.3&#8243; shape_divider_position=&#8220;bottom&#8220;][vc_column column_padding=&#8220;no-extra-padding&#8220; column_padding_position=&#8220;all&#8220; background_color_opacity=&#8220;1&#8243; background_hover_color_opacity=&#8220;1&#8243; column_shadow=&#8220;none&#8220; column_border_radius=&#8220;none&#8220; width=&#8220;1\/1&#8243; tablet_text_alignment=&#8220;default&#8220; phone_text_alignment=&#8220;default&#8220; column_border_width=&#8220;none&#8220; column_border_style=&#8220;solid&#8220;][divider line_type=&#8220;No Line&#8220; custom_height=&#8220;200&#8243;][\/vc_column][\/vc_row][vc_row type=&#8220;in_container&#8220; full_screen_row_position=&#8220;middle&#8220; scene_position=&#8220;center&#8220; text_color=&#8220;dark&#8220; text_align=&#8220;left&#8220; overlay_strength=&#8220;0.3&#8243; shape_divider_position=&#8220;bottom&#8220;][vc_column column_padding=&#8220;no-extra-padding&#8220; column_padding_position=&#8220;all&#8220; background_color_opacity=&#8220;1&#8243; background_hover_color_opacity=&#8220;1&#8243; column_shadow=&#8220;none&#8220; column_border_radius=&#8220;none&#8220; width=&#8220;1\/1&#8243; tablet_text_alignment=&#8220;default&#8220; phone_text_alignment=&#8220;default&#8220; column_border_width=&#8220;none&#8220; column_border_style=&#8220;solid&#8220;][split_line_heading]\n<h2>Datenschutzregulirung<\/h2>\n[\/split_line_heading][divider line_type=&#8220;No Line&#8220; custom_height=&#8220;20&#8243;][vc_column_text]Auf dieser Seite werden die Leitlinien beschrieben, nach denen auf dieser Website pers\u00f6nliche Daten jener Nutzer verarbeitet werden, die die Site besuchen und\/oder deren Internet-Dienstleistungen nutzen.<\/p>\n<p><strong>1. RECHTSINHABER UND VERANTWORTLICHER DER DATENVERARBEITUNG<br \/>\n<\/strong><\/p>\n<p>Rechtsinhaber der Datenverarbeitung durch diese Website ist die Kanzlei Bortolotti Losurdo, Luigi-Negrelli-Stra\u00dfe 13, 39100 Bozen (BZ), E-Mail: info@bortolotti-losurdo.it, Tel. +39 0471 263338, Fax +39 0471 285217, PEC-Adresse: bortolottilosurdo@pec.it<\/p>\n<p>Der Datenschutzverantwortliche ist unter folgender E-Mail-Adresse erreichbar: dpo@bortolotti-losurdo.it.<\/p>\n<p><strong>2. ART DER VERARBEITETEN DATEN, ZWECKE UND RECHTLICHE GRUNDLAGEN<br \/>\n<\/strong><\/p>\n<p><strong>2<\/strong><strong>.1\u00a0<\/strong><strong>Freiwillig vom Nutzer weitergegebene Daten f\u00fcr Internetdienste<\/strong><\/p>\n<p>Wann immer ein Nutzer freiwillig pers\u00f6nliche Daten weitergibt, um Zugriff auf Informationen und\/oder Dienstleistungen auf dieser Website zu bekommen, werden diese \u00fcber entsprechende Formulare gesammelt. Dadurch gelangt der Rechtsinhaber der Datenverarbeitung in Besitz der entsprechenden Daten, um die angeforderten Dienstleistungen abwickeln zu k\u00f6nnen. Im Besonderen geht es um:<\/p>\n<ul>\n<li><strong>Kontaktanfragen<\/strong><strong>:<\/strong> In diesem Fall werden Vor- und Nachname sowie eine eventuelle E-Mail-Adresse eingeholt, um auf Anfragen Antworten zu k\u00f6nnen.<\/li>\n<li><strong>F\u00fcr uns arbeiten: <\/strong>In diesem Fall werden die Daten zur Identifizierung des Nutzers ebenso eingeholt wie jene zu seinem beruflichen Background (etwa in Form eines CV), um eine Arbeitsanfrage bewerten zu k\u00f6nnen.<\/li>\n<\/ul>\n<p>Einige der in den Formularen abgefragten Daten sind unumg\u00e4nglich, um die angefragte Dienstleistung abwickeln zu k\u00f6nnen. Diese obligatorischen Daten sind durch ein Sternchen gekennzeichnet. Fakultative Daten k\u00f6nnen vom Nutzer eingetragen werden, um in den Genuss eines umfassenderen und personalisierteren Dienstes zu kommen.<\/p>\n<p>Zwecke der Datenverarbeitung sind demnach je nach angefragter Dienstleistung:<\/p>\n<ul>\n<li>die Abwicklung der vom Nutzer durch das Ausf\u00fcllen des entsprechenden Formulars angeforderten Dienstleistung<\/li>\n<li>die Kommunikation im Rahmen dieser Dienstleistung mit dem Kunden<\/li>\n<\/ul>\n<p>Rechtliche Grundlage der Datenverarbeitung bilden die vertraglichen Verpflichtungen, die sich aus der Anfrage des Nutzers ergeben. F\u00fcr fakultative Dienste erfolgt die Datenverarbeitung mit Einverst\u00e4ndnis des Nutzers.<\/p>\n<p>Spezifische zusammenfassende Informationsschreiben und eventuelle Einverst\u00e4ndniserkl\u00e4rungen werden, wo notwendig, auf den Seiten f\u00fcr die vom Nutzer anzufordernden Dienstleistungen zu finden sein.<\/p>\n<p>&nbsp;<\/p>\n<p><strong>2<\/strong><strong>.2 Navigationsdaten<br \/>\n<\/strong><\/p>\n<p>\u00dcber die spezifischen Bestimmungen zur Verwendung von Cookies hinaus sammeln die Informatiksysteme und die Software, die dieser Website zugrunde liegen, im Rahmen ihrer normalen T\u00e4tigkeit einige pers\u00f6nliche Daten. Deren \u00dcbertragung wird durch die Kommunikationsprotokolle des Internets impliziert. Es handelt sich um Informationen, die nicht zum Zweck der Identifizierung der Nutzer gesammelt werden, sie k\u00f6nnten allerdings durch eine spezifische Verarbeitung und Aggregierung mit anderen, von Dritten zur Verf\u00fcgung gestellten Daten zur Identifizierung der Nutzer f\u00fchren.<\/p>\n<p>Zu dieser Kategorie geh\u00f6ren Daten wie IP-Adressen und Domainnamen der von den Besuchern der Website benutzten Computer, Ressourcen-Adressen in URI-Form\u00a0 (Uniform Resource Identifier), die Uhrzeit von Anfragen, die Methode, die benutzt wurde, um eine Anfrage an den Server weiterzuleiten, die Gr\u00f6\u00dfe des Antwort-Files, der numerische, vom Server zugewiesene Code zum Status der Antwort (erledigt, fehlgeschlagen etc.) und andere Daten zum Betriebssystem und zu den informatischen Ressourcen des Nutzers<\/p>\n<p>Diese Daten dienen dazu, statistische, jedenfalls aber anonyme Informationen zur Nutzung der Website zu erheben und deren korrektes Funktionieren zu kontrollieren.<\/p>\n<p>Auch k\u00f6nnen diese Daten herangezogen werden, um im Falle von Internetkriminalit\u00e4t zum Schaden der Website Verantwortlichkeiten zuweisen zu k\u00f6nnen<\/p>\n<p>Die Zwecke der Verarbeitung dieser Daten sind demnach:<\/p>\n<ul>\n<li>das Funktionieren der Website und der vom Nutzer angefragten Dienstleistungen zu erm\u00f6glichen<\/li>\n<li>das Funktionieren der Website zu kontrollieren und zu verbessern<\/li>\n<li>statistische Informationen \u00fcber die Nutzung der Website zu sammeln und zu nutzen<\/li>\n<li>Verantwortlichkeiten im Falle von Internetkriminalit\u00e4t zuzuweisen.<\/li>\n<\/ul>\n<p>Rechtliche Grundlage der Verarbeitung dieser Daten ist ein legitimes Interesse des Rechtsinhabers, die \u00fcber diese Website angebotenen Dienstleistungen abzuwickeln und zu verbessern.<\/p>\n<p><strong>2<\/strong><strong>.3 Cookies und Verfolgbarkeit<br \/>\n<\/strong><\/p>\n<p>Cookies und vergleichbare Technologien sind kleine Informations-Fragmente, mit Hilfe derer auf dem Computer technische und\/oder pers\u00f6nliche Details gespeichert, Nutzer eines Dienstes identifiziert und bestimmte Funktionen freigeschaltet werden. Diese Cookies werden vom Rechtsinhaber der Datenverarbeitung und von seinen Partnern aus technischen, statistischen und\/oder Gr\u00fcnden des Profilings genutzt.<\/p>\n<p>Es ist m\u00f6glich, den eigenen Browser so zu konfigurieren, dass die Annahme von Cookies verweigert oder man jeweils benachrichtigt wird, bevor ein Cookie gespeichert wird.<\/p>\n<p>Die rechtliche Grundlage der Verarbeitung besteht im legitimen Interesse des Rechtsinhabers, sofern es um technische Cookies geht, bzw. in der Zustimmung des Nutzers, sollte es sich um Profiling-Cookies handeln.<\/p>\n<p>Alle weiteren Informationen zu den genutzten Cookies und deren Ablehnung finden sich in der Rubrik Cookie Policy unter der Adresse<\/p>\n<p>https:\/\/bortolotti-losurdo.it\/cookie-policy\/ oder per Klick <a href=\"\/?page_id=6324\"><u>hier<\/u><\/a>.<\/p>\n<p><strong>3. WEITERGABE VON DATEN AN DRITTE<\/strong><\/p>\n<p><strong>3<\/strong><strong>.1 Vom Nutzer freiwillig zur Verf\u00fcgung gestellte Daten<br \/>\n<\/strong><\/p>\n<p>Vom Nutzer freiwillig zur Verf\u00fcgung gestellte pers\u00f6nliche Daten werden von den Mitarbeitern des Unternehmens (Angestellte \/ Mitarbeiter) verwaltet, das oben als Rechtsinhaber ausgewiesen wurde, und zwar im Rahmen ihrer jeweiligen Kompetenzen, Aufgaben und\/oder vertraglichen Verpflichtungen.<\/p>\n<p>Einige Daten k\u00f6nnen auch an externe Personen\/Unternehmen weitergegeben werden, wenn die Weitergabe dieser pers\u00f6nlichen Daten zur Abwicklung der angefragten Dienstleistung oder zur Erf\u00fcllung vertraglicher Pflichten gegen\u00fcber dem Nutzer notwendig oder hilfreich ist.<\/p>\n<p>Solche Dritte k\u00f6nnen Unternehmen in den Bereichen der unternehmerischen, strategischen oder informatischen Beratung, Hostingunternehmen oder Unternehmen sein, die im Auftrag des Rechtsinhabers Dienstleistungen abwickeln. Die Weitergabe erfolgt allerdings immer nach den oben erl\u00e4uterten Modalit\u00e4ten und zu den ebenfalls oben erl\u00e4uterten Zwecken.<\/p>\n<p><strong>3<\/strong><strong>.2\u00a0<\/strong><strong>Verbreitung der Daten<\/strong><\/p>\n<p>Keine Daten, die im Rahmen dieser Website gesammelt werden, werden verbreitet, wobei unter Verbreitung die Bekanntgabe an eine nicht eingeschr\u00e4nkte Vielzahl von Subjekten verstanden wird.<\/p>\n<p><strong>4. TRANSFER IN DRITTSTAATEN<br \/>\n<\/strong><\/p>\n<p>Die vom Nutzer bereitgestellten pers\u00f6nlichen Daten, andere verarbeitete Daten sowie die Navigationsdaten werden nicht grunds\u00e4tzlich in Staaten au\u00dferhalb der EU \u00fcbermittelt. Sollte ein solcher Transfer erfolgen, wird der Rechtsinhaber all jene Vorsichtsma\u00dfnahmen ergreifen, die die Datenschutzrichtlinie der EU (Art. 44ff. der EU-Richtlinie 2016\/670) und die entsprechende staatliche Gesetzgebung f\u00fcr diese F\u00e4lle vorsehen.<\/p>\n<p><strong>5. MODALIT\u00c4TEN DER VERARBEITUNG<br \/>\n<\/strong><\/p>\n<p>Die pers\u00f6nlichen Daten werden mit informatischen Instrumenten verarbeitet, die die Vertraulichkeit sowie den von den gesetzlichen Regelungen vorgesehenen Datenschutz gew\u00e4hrleisten. Spezifische Vorsichtsma\u00dfnahmen wurden getroffen, um vor dem Verlust, vor der unlauteren oder unrechtm\u00e4\u00dfigen Nutzung von Daten und vor unerlaubten Zugriffen gesch\u00fctzt zu sein.<\/p>\n<p><strong>6.<\/strong>\u00a0<strong>ZEITRAUM DER SPEICHERUNG VON DATEN<\/strong><\/p>\n<p>Die pers\u00f6nlichen Daten, die die Nutzer bei Kontaktanfragen bereitstellen, werden f\u00fcr einen Zeitraum gespeichert, der notwendig ist, um die vorgesehenen Zwecke erf\u00fcllen zu k\u00f6nnen. Sollten vertragliche Verpflichtungen damit verkn\u00fcpft sein, umfasst der Zeitraum der Speicherung den von der Gesetzgebung vorgesehenen. Daten, die im Rahmen von Arbeitsanfragen bereitgestellt werden, werden nicht l\u00e4nger als zwei Jahre gespeichert. Navigationsdaten werden 30 Tage lang gespeichert.<\/p>\n<p><strong>7. AUTOMATISIERTE PROZESSE<\/strong><\/p>\n<p>Es k\u00f6nnen auch automatisierte Prozesse der Entscheidungsfindung (etwa Cookies) eingesetzt werden, um die Funktionalit\u00e4t der Seiten zu garantieren. Ebenso kommen automatisierte Prozesse zum Einsatz, wenn es um die Analyse von Gewohnheiten, Entscheidungen und Navigationsmodalit\u00e4ten der Nutzer geht. Auch daf\u00fcr werden Cookies oder Dienste Dritter eingesetzt, allerdings nur mit Zustimmung des Nutzers.<\/p>\n<p><strong>8.<\/strong><strong> \u00dcBERLASSUNG VON DATEN UND FOLGEN EINER NICHT-\u00dcBERLASSUNG<br \/>\n<\/strong><\/p>\n<p>Mit Ausnahme der Navigationsdaten steht es dem Nutzer frei, pers\u00f6nliche Daten \u00fcber die entsprechenden Dienstleistungs-Formulare bereitzustellen. Eine Nicht-\u00dcberlassung obligatorischer Daten bringt mit sich, dass die angefragte Dienstleistung nicht abgewickelt werden kann. Werden dagegen fakultative Daten nicht \u00fcberlassen, kann dies einen unvollst\u00e4ndigen Dienst nach sich ziehen. Zudem kann der Rechtsinhaber keine weiteren Dienste anbieten.<\/p>\n<p><strong>9. <\/strong><strong>RECHTE DER NUTZER, M\u00d6GLICHKEIT DER BEANSTANDUNG UND WIDERRUF EINER EINVERST\u00c4NDNISERKL\u00c4RUNG<\/strong><\/p>\n<p>Die Subjekte, deren pers\u00f6nliche Daten im Rahmen der oben erl\u00e4uterten Modalit\u00e4ten gesammelt wurden, haben jederzeit das Recht &#8211; sofern vom Gesetz vorgesehen &#8211; Zugang zu den gesammelten pers\u00f6nlichen Daten zu bekommen, diese richtigzustellen, zu l\u00f6schen oder zu beschr\u00e4nken, eine weitere Verarbeitung zu verhindern oder von ihrem Recht auf Datenmitnahme Gebrauch zu machen.<br \/>\nAuch haben die Nutzer jederzeit das Recht, eine zuvor gegebene Einverst\u00e4ndniserkl\u00e4rung zur Verarbeitung der Daten zu widerrufen. Ein solcher Widerruf ist nicht r\u00fcckwirkend, zuvor erfolgte Verarbeitungen sind demnach rechtm\u00e4\u00dfig.<\/p>\n<p>Es wird darauf hingewiesen, dass pers\u00f6nliche Daten nach deren L\u00f6schung nicht mehr wiederhergestellt werden k\u00f6nnen. Alle gespeicherten Inhalte werden unwiederbringlich gel\u00f6scht. Die pers\u00f6nlichen Daten des Nutzers werden auch dann gel\u00f6scht, wenn sie nicht mehr zur Erf\u00fcllung jener Zwecke gebraucht werden, f\u00fcr die sie urspr\u00fcnglich gesammelt wurden.<\/p>\n<p>Um die Rechte auszu\u00fcben, die von der geltenden Gesetzgebung in Sachen Datenschutz vorgesehen sind, um eine vollst\u00e4ndige Liste der Dritten zu erhalten, die die Daten in den unterschiedlichen Bereichen verarbeiten oder um Informationen zu erhalten, inwieweit Daten an Staaten au\u00dferhalb der EU \u00fcbermittelt wurden, gen\u00fcgt eine E-Mail an dpo@bortolotti-losurdo.it. Ihre Anfrage wird schnellstm\u00f6glich behandelt, jedenfalls aber innerhalb von 30 Tagen.<br \/>\nNutzer haben schlie\u00dflich auch das Recht, die Verarbeitung von eigenen Daten zu beanstanden, und zwar bei der zust\u00e4ndigen Kontrollbeh\u00f6rde im Herkunftsstaat, im Staat, in dem der Nutzer derzeit arbeitet oder in dem die mutma\u00dfliche Verletzung der Datenschutzrechte erfolgt sein soll.<\/p>\n<p><strong>11. \u00c4NDERUNGEN DIESER DATENSCHUTZ-REGELUNG<\/strong><\/p>\n<p>Die vorliegende Datenschutz-Regelung wird regelm\u00e4\u00dfig angepasst, sollten sich die Modalit\u00e4ten der Datenverarbeitung, das Dienstleistungsangebot oder die rechtliche Grundlage \u00e4ndern. Sie werden deshalb ersucht, diese Seite regelm\u00e4\u00dfig zu besuchen und das unten angef\u00fchrte Datum der letzten \u00c4nderung zu kontrollieren.<\/p>\n<p><em>Letzte Anpassung: 10\/2018<\/em>[\/vc_column_text][\/vc_column][\/vc_row]\n","protected":false},"excerpt":{"rendered":"<p>[vc_row type=&#8220;in_container&#8220; full_screen_row_position=&#8220;middle&#8220; scene_position=&#8220;center&#8220; text_color=&#8220;dark&#8220; text_align=&#8220;left&#8220; overlay_strength=&#8220;0.3&#8243; shape_divider_position=&#8220;bottom&#8220;][vc_column column_padding=&#8220;no-extra-padding&#8220; column_padding_position=&#8220;all&#8220; background_color_opacity=&#8220;1&#8243; background_hover_color_opacity=&#8220;1&#8243; column_shadow=&#8220;none&#8220; column_border_radius=&#8220;none&#8220; width=&#8220;1\/1&#8243; tablet_text_alignment=&#8220;default&#8220; phone_text_alignment=&#8220;default&#8220; column_border_width=&#8220;none&#8220; column_border_style=&#8220;solid&#8220;][divider line_type=&#8220;No Line&#8220; custom_height=&#8220;200&#8243;][\/vc_column][\/vc_row][vc_row type=&#8220;in_container&#8220; full_screen_row_position=&#8220;middle&#8220; scene_position=&#8220;center&#8220;&#8230;<\/p>\n","protected":false},"author":9,"featured_media":0,"parent":0,"menu_order":0,"comment_status":"closed","ping_status":"closed","template":"","meta":{"footnotes":""},"_links":{"self":[{"href":"https:\/\/bortolotti-losurdo.it\/de\/wp-json\/wp\/v2\/pages\/6327"}],"collection":[{"href":"https:\/\/bortolotti-losurdo.it\/de\/wp-json\/wp\/v2\/pages"}],"about":[{"href":"https:\/\/bortolotti-losurdo.it\/de\/wp-json\/wp\/v2\/types\/page"}],"author":[{"embeddable":true,"href":"https:\/\/bortolotti-losurdo.it\/de\/wp-json\/wp\/v2\/users\/9"}],"replies":[{"embeddable":true,"href":"https:\/\/bortolotti-losurdo.it\/de\/wp-json\/wp\/v2\/comments?post=6327"}],"version-history":[{"count":9,"href":"https:\/\/bortolotti-losurdo.it\/de\/wp-json\/wp\/v2\/pages\/6327\/revisions"}],"predecessor-version":[{"id":6488,"href":"https:\/\/bortolotti-losurdo.it\/de\/wp-json\/wp\/v2\/pages\/6327\/revisions\/6488"}],"wp:attachment":[{"href":"https:\/\/bortolotti-losurdo.it\/de\/wp-json\/wp\/v2\/media?parent=6327"}],"curies":[{"name":"wp","href":"https:\/\/api.w.org\/{rel}","templated":true}]}}