{"id":6169,"date":"2018-10-25T08:59:53","date_gmt":"2018-10-25T08:59:53","guid":{"rendered":"https:\/\/bortolotti-losurdo.it\/?page_id=6169"},"modified":"2020-01-28T10:08:31","modified_gmt":"2020-01-28T10:08:31","slug":"bortolotti-losurdo","status":"publish","type":"page","link":"https:\/\/bortolotti-losurdo.it\/de\/","title":{"rendered":"Bortolotti-Losurdo"},"content":{"rendered":"[vc_row type=&#8220;in_container&#8220; full_screen_row_position=&#8220;middle&#8220; column_margin=&#8220;default&#8220; scene_position=&#8220;center&#8220; text_color=&#8220;dark&#8220; text_align=&#8220;left&#8220; overlay_strength=&#8220;0.3&#8243; shape_divider_position=&#8220;bottom&#8220; bg_image_animation=&#8220;none&#8220;][vc_column column_padding=&#8220;no-extra-padding&#8220; column_padding_position=&#8220;all&#8220; background_color_opacity=&#8220;1&#8243; background_hover_color_opacity=&#8220;1&#8243; column_link_target=&#8220;_self&#8220; column_shadow=&#8220;none&#8220; column_border_radius=&#8220;none&#8220; width=&#8220;1\/1&#8243; tablet_width_inherit=&#8220;default&#8220; tablet_text_alignment=&#8220;default&#8220; phone_text_alignment=&#8220;default&#8220; overlay_strength=&#8220;0.3&#8243; column_border_width=&#8220;none&#8220; column_border_style=&#8220;solid&#8220; bg_image_animation=&#8220;none&#8220; offset=&#8220;vc_hidden-lg vc_hidden-md&#8220;][divider line_type=&#8220;No Line&#8220; custom_height=&#8220;120&#8243;][\/vc_column][\/vc_row][vc_row type=&#8220;full_width_background&#8220; full_screen_row_position=&#8220;middle&#8220; column_margin=&#8220;default&#8220; full_height=&#8220;yes&#8220; bg_color=&#8220;#ffffff&#8220; scene_position=&#8220;center&#8220; video_bg=&#8220;use_video&#8220; video_webm=&#8220;https:\/\/bortolotti-losurdo.it\/wp-content\/uploads\/2018\/09\/7853dff14eddc3f937cfff4819c86b5f.webm&#8220; video_mp4=&#8220;https:\/\/bortolotti-losurdo.it\/wp-content\/uploads\/2018\/10\/844dd1561e5b80f41f04948ffa27728f.mp4&#8243; text_color=&#8220;dark&#8220; text_align=&#8220;left&#8220; top_padding=&#8220;5%&#8220; bottom_padding=&#8220;5%&#8220; overlay_strength=&#8220;0.3&#8243; shape_divider_position=&#8220;bottom&#8220; shape_divider_height=&#8220;350&#8243; bg_image_animation=&#8220;none&#8220; shape_type=&#8220;waves_opacity_alt&#8220;][vc_column column_padding=&#8220;no-extra-padding&#8220; column_padding_position=&#8220;all&#8220; background_color_opacity=&#8220;1&#8243; background_hover_color_opacity=&#8220;1&#8243; column_link_target=&#8220;_self&#8220; column_shadow=&#8220;none&#8220; column_border_radius=&#8220;none&#8220; width=&#8220;2\/3&#8243; tablet_width_inherit=&#8220;default&#8220; tablet_text_alignment=&#8220;default&#8220; phone_text_alignment=&#8220;default&#8220; overlay_strength=&#8220;0.3&#8243; column_border_width=&#8220;none&#8220; column_border_style=&#8220;solid&#8220; bg_image_animation=&#8220;none&#8220;][split_line_heading animation_type=&#8220;default&#8220;]<strong>Bortolotti \u2022 Losurdo<\/strong><\/p>\n<h1>Kanzlei von Steuerberatern<\/h1>\n<h1>und Arbeitsrechtsberatern in Bozen<\/h1>\n[\/split_line_heading][vc_row_inner column_margin=&#8220;default&#8220; text_align=&#8220;left&#8220;][vc_column_inner column_padding=&#8220;no-extra-padding&#8220; column_padding_position=&#8220;all&#8220; background_color_opacity=&#8220;1&#8243; background_hover_color_opacity=&#8220;1&#8243; column_shadow=&#8220;none&#8220; column_border_radius=&#8220;none&#8220; column_link_target=&#8220;_self&#8220; width=&#8220;1\/2&#8243; tablet_width_inherit=&#8220;default&#8220; overlay_strength=&#8220;0.3&#8243; column_border_width=&#8220;none&#8220; column_border_style=&#8220;solid&#8220; bg_image_animation=&#8220;none&#8220; enable_animation=&#8220;true&#8220; animation=&#8220;fade-in-from-bottom&#8220; delay=&#8220;200&#8243;][vc_column_text]Die Kanzlei Bortolotti Losurdo tr\u00e4gt die Namen ihrer Gr\u00fcnder, eines Steuerberaters und eines Arbeitsrechtsberaters aus Bozen, die heute mit ihrem Team eine umfassende Palette von Dienstleistungen f\u00fcr Unternehmen und Freiberufler anbieten.[\/vc_column_text][\/vc_column_inner][vc_column_inner column_padding=&#8220;no-extra-padding&#8220; column_padding_position=&#8220;all&#8220; background_color_opacity=&#8220;1&#8243; background_hover_color_opacity=&#8220;1&#8243; column_shadow=&#8220;none&#8220; column_border_radius=&#8220;none&#8220; column_link_target=&#8220;_self&#8220; width=&#8220;1\/2&#8243; tablet_width_inherit=&#8220;default&#8220; overlay_strength=&#8220;0.3&#8243; column_border_width=&#8220;none&#8220; column_border_style=&#8220;solid&#8220; bg_image_animation=&#8220;none&#8220; enable_animation=&#8220;true&#8220; animation=&#8220;fade-in-from-bottom&#8220; delay=&#8220;300&#8243;][\/vc_column_inner][\/vc_row_inner][nectar_btn size=&#8220;large&#8220; button_style=&#8220;regular&#8220; button_color_2=&#8220;extra-color-gradient-2&#8243; icon_family=&#8220;fontawesome&#8220; url=&#8220;#dienstleistungen&#8220; text=&#8220;SCROLL DOWN&#8220; margin_top=&#8220;50&#8243; icon_fontawesome=&#8220;fa fa-angle-down&#8220; css_animation=&#8220;bounce&#8220;][\/vc_column][vc_column column_padding=&#8220;no-extra-padding&#8220; column_padding_position=&#8220;all&#8220; background_color_opacity=&#8220;1&#8243; background_hover_color_opacity=&#8220;1&#8243; column_link_target=&#8220;_self&#8220; column_shadow=&#8220;none&#8220; column_border_radius=&#8220;none&#8220; width=&#8220;1\/3&#8243; tablet_width_inherit=&#8220;default&#8220; tablet_text_alignment=&#8220;default&#8220; phone_text_alignment=&#8220;default&#8220; overlay_strength=&#8220;0.3&#8243; column_border_width=&#8220;none&#8220; column_border_style=&#8220;solid&#8220; bg_image_animation=&#8220;none&#8220;][\/vc_column][\/vc_row][vc_row type=&#8220;full_width_background&#8220; full_screen_row_position=&#8220;middle&#8220; column_margin=&#8220;default&#8220; scene_position=&#8220;center&#8220; text_color=&#8220;dark&#8220; text_align=&#8220;left&#8220; top_padding=&#8220;6%&#8220; bottom_padding=&#8220;4%&#8220; id=&#8220;dienstleistungen&#8220; overlay_strength=&#8220;0.3&#8243; shape_divider_position=&#8220;bottom&#8220; bg_image_animation=&#8220;none&#8220; shape_type=&#8220;&#8220;][vc_column column_padding=&#8220;padding-3-percent&#8220; column_padding_position=&#8220;left&#8220; background_color_opacity=&#8220;1&#8243; background_hover_color_opacity=&#8220;1&#8243; column_link_target=&#8220;_self&#8220; column_shadow=&#8220;none&#8220; column_border_radius=&#8220;none&#8220; width=&#8220;1\/4&#8243; tablet_width_inherit=&#8220;default&#8220; tablet_text_alignment=&#8220;default&#8220; phone_text_alignment=&#8220;default&#8220; overlay_strength=&#8220;0.3&#8243; column_border_width=&#8220;none&#8220; column_border_style=&#8220;solid&#8220; bg_image_animation=&#8220;none&#8220;][vc_column_text css=&#8220;.vc_custom_1540459408686{padding-top: 10% !important;}&#8220;]\n<h2><strong>Unsere<br \/>\nLeistungen<br \/>\n<\/strong><\/h2>\n<p><strong>f\u00fcr Unternehmen in S\u00fcdtirol<\/strong>[\/vc_column_text][nectar_btn size=&#8220;large&#8220; button_style=&#8220;regular&#8220; button_color_2=&#8220;extra-color-gradient-2&#8243; icon_family=&#8220;default_arrow&#8220; url=&#8220;https:\/\/bortolotti-losurdo.it\/de\/unsere-dienstleistungen\/&#8220; text=&#8220;ZU DEN LEISTUNGEN&#8220; margin_top=&#8220;50&#8243;][\/vc_column][vc_column column_padding=&#8220;no-extra-padding&#8220; column_padding_position=&#8220;all&#8220; background_color_opacity=&#8220;1&#8243; background_hover_color_opacity=&#8220;1&#8243; column_link_target=&#8220;_self&#8220; column_shadow=&#8220;none&#8220; column_border_radius=&#8220;none&#8220; width=&#8220;1\/4&#8243; tablet_width_inherit=&#8220;default&#8220; tablet_text_alignment=&#8220;default&#8220; phone_text_alignment=&#8220;default&#8220; overlay_strength=&#8220;0.3&#8243; column_border_width=&#8220;none&#8220; column_border_style=&#8220;solid&#8220; bg_image_animation=&#8220;none&#8220;][fancy_box box_style=&#8220;color_box_hover&#8220; icon_family=&#8220;iconsmind&#8220; color=&#8220;extra-color-gradient-2&#8243; box_alignment=&#8220;left&#8220; border_radius=&#8220;default&#8220; image_loading=&#8220;default&#8220; icon_iconsmind=&#8220;iconsmind-Library2&#8243; min_height=&#8220;200&#8243; link_url=&#8220;https:\/\/bortolotti-losurdo.it\/de\/steuerberatung\/&#8220;]\n<h3>Steuerberatung<\/h3>\n<p>Wir bieten Privatpersonen und Unternehmen eine umfassende Beratung in Steuerfragen.[\/fancy_box][\/vc_column][vc_column column_padding=&#8220;no-extra-padding&#8220; column_padding_position=&#8220;all&#8220; background_color_opacity=&#8220;1&#8243; background_hover_color_opacity=&#8220;1&#8243; column_link_target=&#8220;_self&#8220; column_shadow=&#8220;none&#8220; column_border_radius=&#8220;none&#8220; width=&#8220;1\/4&#8243; tablet_width_inherit=&#8220;default&#8220; tablet_text_alignment=&#8220;default&#8220; phone_text_alignment=&#8220;default&#8220; overlay_strength=&#8220;0.3&#8243; column_border_width=&#8220;none&#8220; column_border_style=&#8220;solid&#8220; bg_image_animation=&#8220;none&#8220;][fancy_box box_style=&#8220;color_box_hover&#8220; icon_family=&#8220;iconsmind&#8220; color=&#8220;extra-color-gradient-2&#8243; box_alignment=&#8220;left&#8220; border_radius=&#8220;default&#8220; image_loading=&#8220;default&#8220; icon_iconsmind=&#8220;iconsmind-Business-Mens&#8220; min_height=&#8220;200&#8243; link_url=&#8220;https:\/\/bortolotti-losurdo.it\/de\/beratung-von-gesellschaften\/&#8220;]\n<h3>Beratung von Gesellschaften<\/h3>\n<p>Weil Gesellschaften hochkomplex sind, beraten wir Sie in allen Fragen: von der Konstituierung \u00fcber die F\u00fchrung bis hin zu Nachfolgeregelungen.[\/fancy_box][\/vc_column][vc_column column_padding=&#8220;no-extra-padding&#8220; column_padding_position=&#8220;all&#8220; background_color_opacity=&#8220;1&#8243; background_hover_color_opacity=&#8220;1&#8243; column_link_target=&#8220;_self&#8220; column_shadow=&#8220;none&#8220; column_border_radius=&#8220;none&#8220; width=&#8220;1\/4&#8243; tablet_width_inherit=&#8220;default&#8220; tablet_text_alignment=&#8220;default&#8220; phone_text_alignment=&#8220;default&#8220; overlay_strength=&#8220;0.3&#8243; column_border_width=&#8220;none&#8220; column_border_style=&#8220;solid&#8220; bg_image_animation=&#8220;none&#8220;][fancy_box box_style=&#8220;color_box_hover&#8220; icon_family=&#8220;iconsmind&#8220; color=&#8220;extra-color-gradient-2&#8243; box_alignment=&#8220;left&#8220; border_radius=&#8220;default&#8220; image_loading=&#8220;default&#8220; icon_iconsmind=&#8220;iconsmind-Post-Office&#8220; min_height=&#8220;200&#8243; link_url=&#8220;https:\/\/bortolotti-losurdo.it\/de\/immobilienberatung\/&#8220;]\n<h3>Immobilienberatung<\/h3>\n<p>Unternehmen bieten wir eine umfassende Immobilienberatung.[\/fancy_box][\/vc_column][\/vc_row][vc_row type=&#8220;full_width_background&#8220; full_screen_row_position=&#8220;middle&#8220; column_margin=&#8220;default&#8220; scene_position=&#8220;center&#8220; text_color=&#8220;dark&#8220; text_align=&#8220;left&#8220; bottom_padding=&#8220;12%&#8220; id=&#8220;servizi&#8220; overlay_strength=&#8220;0.3&#8243; shape_divider_position=&#8220;bottom&#8220; bg_image_animation=&#8220;none&#8220; shape_type=&#8220;&#8220;][vc_column column_padding=&#8220;no-extra-padding&#8220; column_padding_position=&#8220;all&#8220; background_color_opacity=&#8220;1&#8243; background_hover_color_opacity=&#8220;1&#8243; column_link_target=&#8220;_self&#8220; column_shadow=&#8220;none&#8220; column_border_radius=&#8220;none&#8220; width=&#8220;1\/4&#8243; tablet_width_inherit=&#8220;default&#8220; tablet_text_alignment=&#8220;default&#8220; phone_text_alignment=&#8220;default&#8220; overlay_strength=&#8220;0.3&#8243; column_border_width=&#8220;none&#8220; column_border_style=&#8220;solid&#8220; bg_image_animation=&#8220;none&#8220;][fancy_box box_style=&#8220;color_box_hover&#8220; icon_family=&#8220;iconsmind&#8220; color=&#8220;extra-color-gradient-2&#8243; box_alignment=&#8220;left&#8220; border_radius=&#8220;default&#8220; image_loading=&#8220;default&#8220; icon_iconsmind=&#8220;iconsmind-Calculator&#8220; min_height=&#8220;200&#8243; link_url=&#8220;https:\/\/bortolotti-losurdo.it\/de\/allgemeine-buchfuehrung\/&#8220;]\n<h3>Allgemeine Buchf\u00fchrung<\/h3>\n<p>Wir k\u00fcmmern uns um alle Aspekte der allgemeinen Buchf\u00fchrung von Unternehmen, f\u00fcr die wir t\u00e4tig sind.[\/fancy_box][\/vc_column][vc_column column_padding=&#8220;no-extra-padding&#8220; column_padding_position=&#8220;all&#8220; background_color_opacity=&#8220;1&#8243; background_hover_color_opacity=&#8220;1&#8243; column_link_target=&#8220;_self&#8220; column_shadow=&#8220;none&#8220; column_border_radius=&#8220;none&#8220; width=&#8220;1\/4&#8243; tablet_width_inherit=&#8220;default&#8220; tablet_text_alignment=&#8220;default&#8220; phone_text_alignment=&#8220;default&#8220; overlay_strength=&#8220;0.3&#8243; column_border_width=&#8220;none&#8220; column_border_style=&#8220;solid&#8220; bg_image_animation=&#8220;none&#8220;][fancy_box box_style=&#8220;color_box_hover&#8220; icon_family=&#8220;iconsmind&#8220; color=&#8220;extra-color-gradient-2&#8243; box_alignment=&#8220;left&#8220; border_radius=&#8220;default&#8220; image_loading=&#8220;default&#8220; icon_iconsmind=&#8220;iconsmind-Arrow-Mix&#8220; min_height=&#8220;200&#8243; link_url=&#8220;https:\/\/bortolotti-losurdo.it\/de\/ma-beratung-und-private-equity\/&#8220;]\n<h3>M&amp;A-Beratung<\/h3>\n<p>Geht es um au\u00dferordentliche und daher komplexe Unternehmensoperationen im In- und Ausland, stehen wir Ihnen mit einer Rundum-Beratung zur Seite.[\/fancy_box][\/vc_column][vc_column column_padding=&#8220;no-extra-padding&#8220; column_padding_position=&#8220;all&#8220; background_color_opacity=&#8220;1&#8243; background_hover_color_opacity=&#8220;1&#8243; column_link_target=&#8220;_self&#8220; column_shadow=&#8220;none&#8220; column_border_radius=&#8220;none&#8220; width=&#8220;1\/4&#8243; tablet_width_inherit=&#8220;default&#8220; tablet_text_alignment=&#8220;default&#8220; phone_text_alignment=&#8220;default&#8220; overlay_strength=&#8220;0.3&#8243; column_border_width=&#8220;none&#8220; column_border_style=&#8220;solid&#8220; bg_image_animation=&#8220;none&#8220;][fancy_box box_style=&#8220;color_box_hover&#8220; icon_family=&#8220;iconsmind&#8220; color=&#8220;extra-color-gradient-2&#8243; box_alignment=&#8220;left&#8220; border_radius=&#8220;default&#8220; image_loading=&#8220;default&#8220; icon_iconsmind=&#8220;iconsmind-Statistic&#8220; min_height=&#8220;200&#8243; link_url=&#8220;https:\/\/bortolotti-losurdo.it\/de\/verwaltungsberatung\/&#8220;]\n<h3>Verwaltungsberatung<\/h3>\n<p>Wir beraten unsere Klienten auch, wenn es um die Ausarbeitung von Jahresabschl\u00fcssen sowie um die Verwaltungsbuchf\u00fchrung geht.[\/fancy_box][\/vc_column][vc_column column_padding=&#8220;no-extra-padding&#8220; column_padding_position=&#8220;all&#8220; background_color_opacity=&#8220;1&#8243; background_hover_color_opacity=&#8220;1&#8243; column_link_target=&#8220;_self&#8220; column_shadow=&#8220;none&#8220; column_border_radius=&#8220;none&#8220; width=&#8220;1\/4&#8243; tablet_width_inherit=&#8220;default&#8220; tablet_text_alignment=&#8220;default&#8220; phone_text_alignment=&#8220;default&#8220; overlay_strength=&#8220;0.3&#8243; column_border_width=&#8220;none&#8220; column_border_style=&#8220;solid&#8220; bg_image_animation=&#8220;none&#8220;][fancy_box box_style=&#8220;color_box_hover&#8220; icon_family=&#8220;iconsmind&#8220; color=&#8220;extra-color-gradient-2&#8243; box_alignment=&#8220;left&#8220; border_radius=&#8220;default&#8220; image_loading=&#8220;default&#8220; icon_iconsmind=&#8220;iconsmind-Talk-Man&#8220; min_height=&#8220;200&#8243; link_url=&#8220;https:\/\/bortolotti-losurdo.it\/de\/arbeitsberatung\/&#8220;]\n<h3>Arbeitsberatung<\/h3>\n<p>Wir bieten unseren Klienten eine kompetente, umfassende und zuverl\u00e4ssige Arbeitsberatung.[\/fancy_box][\/vc_column][\/vc_row][vc_row type=&#8220;full_width_background&#8220; full_screen_row_position=&#8220;middle&#8220; column_margin=&#8220;default&#8220; bg_color=&#8220;#eaeaea&#8220; scene_position=&#8220;center&#8220; text_color=&#8220;dark&#8220; text_align=&#8220;left&#8220; top_padding=&#8220;3%&#8220; bottom_padding=&#8220;3%&#8220; overlay_strength=&#8220;0.3&#8243; shape_divider_position=&#8220;bottom&#8220; bg_image_animation=&#8220;none&#8220; shape_type=&#8220;&#8220;][vc_column column_padding=&#8220;no-extra-padding&#8220; column_padding_position=&#8220;right&#8220; background_color_opacity=&#8220;1&#8243; background_hover_color_opacity=&#8220;1&#8243; column_link_target=&#8220;_self&#8220; column_shadow=&#8220;none&#8220; column_border_radius=&#8220;none&#8220; top_margin=&#8220;-10%&#8220; width=&#8220;1\/2&#8243; tablet_width_inherit=&#8220;default&#8220; tablet_text_alignment=&#8220;default&#8220; phone_text_alignment=&#8220;default&#8220; overlay_strength=&#8220;0.3&#8243; column_border_width=&#8220;none&#8220; column_border_style=&#8220;solid&#8220; bg_image_animation=&#8220;none&#8220;][image_with_animation image_url=&#8220;6036&#8243; alignment=&#8220;&#8220; animation=&#8220;Fade In&#8220; hover_animation=&#8220;none&#8220; border_radius=&#8220;none&#8220; box_shadow=&#8220;none&#8220; image_loading=&#8220;default&#8220; max_width=&#8220;100%&#8220; max_width_mobile=&#8220;default&#8220;][\/vc_column][vc_column column_padding=&#8220;padding-5-percent&#8220; column_padding_position=&#8220;all&#8220; background_color_opacity=&#8220;1&#8243; background_hover_color_opacity=&#8220;1&#8243; column_link_target=&#8220;_self&#8220; column_shadow=&#8220;none&#8220; column_border_radius=&#8220;none&#8220; width=&#8220;1\/2&#8243; tablet_width_inherit=&#8220;default&#8220; tablet_text_alignment=&#8220;default&#8220; phone_text_alignment=&#8220;default&#8220; overlay_strength=&#8220;0.3&#8243; column_border_width=&#8220;none&#8220; column_border_style=&#8220;solid&#8220; bg_image_animation=&#8220;none&#8220;][vc_column_text css=&#8220;.vc_custom_1540458978768{padding-top: 10% !important;}&#8220;]\n<h2>Unser Erfahrung im Dienste Ihres Unternehmens<\/h2>\n[\/vc_column_text][vc_column_text]Seit \u00fcber zehn Jahren stellen wir unsere Erfahrung als Steuerberater und Arbeitsrechtsberater in Bozen Unternehmen aller Art zur Verf\u00fcgung. Gemeinsam mit unserem Team decken wir alle Bereiche und alle Notwendigkeiten ab.[\/vc_column_text][nectar_btn size=&#8220;large&#8220; button_style=&#8220;regular&#8220; button_color_2=&#8220;extra-color-gradient-2&#8243; icon_family=&#8220;default_arrow&#8220; text=&#8220;ERFAHREN SIE MEHR \u00dcBER UNSERE KANZLEI&#8220; margin_top=&#8220;50&#8243; url=&#8220;\/de\/steuerberater-und-arbeitsrechtsberater-in-bozen\/&#8220;][\/vc_column][\/vc_row][vc_row type=&#8220;full_width_background&#8220; full_screen_row_position=&#8220;middle&#8220; column_margin=&#8220;default&#8220; bg_color=&#8220;#5da7e5&#8243; scene_position=&#8220;center&#8220; text_color=&#8220;light&#8220; text_align=&#8220;left&#8220; top_padding=&#8220;7%&#8220; bottom_padding=&#8220;7%&#8220; enable_gradient=&#8220;true&#8220; color_overlay=&#8220;#5da7e5&#8243; color_overlay_2=&#8220;#a2c6e5&#8243; gradient_direction=&#8220;left_t_to_right_b&#8220; overlay_strength=&#8220;1&#8243; shape_divider_position=&#8220;top&#8220; bg_image_animation=&#8220;none&#8220; shape_type=&#8220;waves_opacity_alt&#8220;][vc_column centered_text=&#8220;true&#8220; column_padding=&#8220;no-extra-padding&#8220; column_padding_position=&#8220;all&#8220; background_color_opacity=&#8220;1&#8243; background_hover_color_opacity=&#8220;1&#8243; column_link_target=&#8220;_self&#8220; column_shadow=&#8220;none&#8220; column_border_radius=&#8220;none&#8220; width=&#8220;2\/3&#8243; tablet_width_inherit=&#8220;default&#8220; tablet_text_alignment=&#8220;default&#8220; phone_text_alignment=&#8220;default&#8220; overlay_strength=&#8220;0.3&#8243; column_border_width=&#8220;none&#8220; column_border_style=&#8220;solid&#8220; bg_image_animation=&#8220;none&#8220;][vc_column_text]\n<h2 style=\"text-align: left;\">Suchen Sie einen Steuerberater oder einen Arbeitsrechtsberater in Bozen?<\/h2>\n[\/vc_column_text][\/vc_column][vc_column centered_text=&#8220;true&#8220; column_padding=&#8220;no-extra-padding&#8220; column_padding_position=&#8220;all&#8220; background_color_opacity=&#8220;1&#8243; background_hover_color_opacity=&#8220;1&#8243; column_link_target=&#8220;_self&#8220; column_shadow=&#8220;none&#8220; column_border_radius=&#8220;none&#8220; width=&#8220;1\/3&#8243; tablet_width_inherit=&#8220;default&#8220; tablet_text_alignment=&#8220;default&#8220; phone_text_alignment=&#8220;default&#8220; overlay_strength=&#8220;0.3&#8243; column_border_width=&#8220;none&#8220; column_border_style=&#8220;solid&#8220; bg_image_animation=&#8220;none&#8220;][nectar_btn size=&#8220;large&#8220; button_style=&#8220;see-through-2&#8243; hover_text_color_override=&#8220;#ffffff&#8220; icon_family=&#8220;default_arrow&#8220; url=&#8220;https:\/\/bortolotti-losurdo.it\/de\/kontakt\/&#8220; text=&#8220;KONTAKTIEREN SIE UNS&#8220;][\/vc_column][\/vc_row]\n","protected":false},"excerpt":{"rendered":"<p>[vc_row type=&#8220;in_container&#8220; full_screen_row_position=&#8220;middle&#8220; column_margin=&#8220;default&#8220; scene_position=&#8220;center&#8220; text_color=&#8220;dark&#8220; text_align=&#8220;left&#8220; overlay_strength=&#8220;0.3&#8243; shape_divider_position=&#8220;bottom&#8220; bg_image_animation=&#8220;none&#8220;][vc_column column_padding=&#8220;no-extra-padding&#8220; column_padding_position=&#8220;all&#8220; background_color_opacity=&#8220;1&#8243; background_hover_color_opacity=&#8220;1&#8243; column_link_target=&#8220;_self&#8220; column_shadow=&#8220;none&#8220; column_border_radius=&#8220;none&#8220; width=&#8220;1\/1&#8243; tablet_width_inherit=&#8220;default&#8220; tablet_text_alignment=&#8220;default&#8220; phone_text_alignment=&#8220;default&#8220; overlay_strength=&#8220;0.3&#8243; column_border_width=&#8220;none&#8220; column_border_style=&#8220;solid&#8220; bg_image_animation=&#8220;none&#8220;&#8230;<\/p>\n","protected":false},"author":9,"featured_media":0,"parent":0,"menu_order":0,"comment_status":"closed","ping_status":"closed","template":"","meta":{"footnotes":""},"_links":{"self":[{"href":"https:\/\/bortolotti-losurdo.it\/de\/wp-json\/wp\/v2\/pages\/6169"}],"collection":[{"href":"https:\/\/bortolotti-losurdo.it\/de\/wp-json\/wp\/v2\/pages"}],"about":[{"href":"https:\/\/bortolotti-losurdo.it\/de\/wp-json\/wp\/v2\/types\/page"}],"author":[{"embeddable":true,"href":"https:\/\/bortolotti-losurdo.it\/de\/wp-json\/wp\/v2\/users\/9"}],"replies":[{"embeddable":true,"href":"https:\/\/bortolotti-losurdo.it\/de\/wp-json\/wp\/v2\/comments?post=6169"}],"version-history":[{"count":11,"href":"https:\/\/bortolotti-losurdo.it\/de\/wp-json\/wp\/v2\/pages\/6169\/revisions"}],"predecessor-version":[{"id":6529,"href":"https:\/\/bortolotti-losurdo.it\/de\/wp-json\/wp\/v2\/pages\/6169\/revisions\/6529"}],"wp:attachment":[{"href":"https:\/\/bortolotti-losurdo.it\/de\/wp-json\/wp\/v2\/media?parent=6169"}],"curies":[{"name":"wp","href":"https:\/\/api.w.org\/{rel}","templated":true}]}}